{"id":3362,"date":"2022-01-07T14:15:34","date_gmt":"2022-01-07T19:15:34","guid":{"rendered":"https:\/\/kiladesignpe.com\/?post_type=product&#038;p=3362"},"modified":"2022-07-25T15:03:08","modified_gmt":"2022-07-25T20:03:08","slug":"velador-arantxa","status":"publish","type":"product","link":"https:\/\/kiladesignpe.com\/?product=velador-arantxa","title":{"rendered":"Velador Arantxa"},"content":{"rendered":"<p>Nuestros veladores hechos a base de madera no tienen pierde. S\u00faper trendy !<\/p>\n","protected":false},"excerpt":{"rendered":"<p>Velador de madera y m\u00e1rmol blanco.<\/p>\n<p>Medidas:45*36 cms, alto 65 cms.<\/p>\n<p>Color nogal .<\/p>\n<p>Tiempo de entrega:10-12 d\u00edas h\u00e1biles<\/p>\n","protected":false},"featured_media":3366,"comment_status":"open","ping_status":"closed","template":"","meta":[],"product_brand":[],"product_cat":[31],"product_tag":[],"class_list":{"0":"post-3362","1":"product","2":"type-product","3":"status-publish","4":"has-post-thumbnail","6":"product_cat-dormitorio","8":"first","9":"instock","10":"shipping-taxable","11":"purchasable","12":"product-type-simple"},"yoast_head":"<!-- This site is optimized with the Yoast SEO plugin v27.0 - https:\/\/yoast.com\/product\/yoast-seo-wordpress\/ -->\n<title>Velador Arantxa - Kila Design Per\u00fa<\/title>\n<meta name=\"robots\" content=\"index, follow, max-snippet:-1, max-image-preview:large, max-video-preview:-1\" \/>\n<link rel=\"canonical\" href=\"https:\/\/kiladesignpe.com\/producto\/velador-arantxa\/\" \/>\n<meta property=\"og:locale\" content=\"es_ES\" \/>\n<meta property=\"og:type\" content=\"article\" \/>\n<meta property=\"og:title\" content=\"Velador Arantxa - Kila Design Per\u00fa\" \/>\n<meta property=\"og:description\" content=\"Velador de madera y m\u00e1rmol blanco.  Medidas:45*36 cms, alto 65 cms.  Color nogal .  Tiempo de entrega:10-12 d\u00edas h\u00e1biles\" \/>\n<meta property=\"og:url\" content=\"https:\/\/kiladesignpe.com\/producto\/velador-arantxa\/\" \/>\n<meta property=\"og:site_name\" content=\"Kila Design Per\u00fa\" \/>\n<meta property=\"article:publisher\" content=\"https:\/\/www.facebook.com\/kiladesignpe\/\" \/>\n<meta property=\"article:modified_time\" content=\"2022-07-25T20:03:08+00:00\" \/>\n<meta property=\"og:image\" content=\"https:\/\/kiladesignpe.com\/wp-content\/uploads\/2022\/01\/KILA-PAGINA-WEB._page-0016.jpg\" \/>\n\t<meta property=\"og:image:width\" content=\"2501\" \/>\n\t<meta property=\"og:image:height\" content=\"2501\" \/>\n\t<meta property=\"og:image:type\" content=\"image\/jpeg\" \/>\n<meta name=\"twitter:card\" content=\"summary_large_image\" \/>\n<script type=\"application\/ld+json\" class=\"yoast-schema-graph\">{\"@context\":\"https:\/\/schema.org\",\"@graph\":[{\"@type\":\"WebPage\",\"@id\":\"https:\/\/kiladesignpe.com\/producto\/velador-arantxa\/\",\"url\":\"https:\/\/kiladesignpe.com\/producto\/velador-arantxa\/\",\"name\":\"Velador Arantxa - Kila Design Per\u00fa\",\"isPartOf\":{\"@id\":\"https:\/\/kiladesignpe.com\/#website\"},\"primaryImageOfPage\":{\"@id\":\"https:\/\/kiladesignpe.com\/producto\/velador-arantxa\/#primaryimage\"},\"image\":{\"@id\":\"https:\/\/kiladesignpe.com\/producto\/velador-arantxa\/#primaryimage\"},\"thumbnailUrl\":\"https:\/\/kiladesignpe.com\/wp-content\/uploads\/2022\/01\/KILA-PAGINA-WEB._page-0016.jpg\",\"datePublished\":\"2022-01-07T19:15:34+00:00\",\"dateModified\":\"2022-07-25T20:03:08+00:00\",\"breadcrumb\":{\"@id\":\"https:\/\/kiladesignpe.com\/producto\/velador-arantxa\/#breadcrumb\"},\"inLanguage\":\"es\",\"potentialAction\":[{\"@type\":\"ReadAction\",\"target\":[\"https:\/\/kiladesignpe.com\/producto\/velador-arantxa\/\"]}]},{\"@type\":\"ImageObject\",\"inLanguage\":\"es\",\"@id\":\"https:\/\/kiladesignpe.com\/producto\/velador-arantxa\/#primaryimage\",\"url\":\"https:\/\/kiladesignpe.com\/wp-content\/uploads\/2022\/01\/KILA-PAGINA-WEB._page-0016.jpg\",\"contentUrl\":\"https:\/\/kiladesignpe.com\/wp-content\/uploads\/2022\/01\/KILA-PAGINA-WEB._page-0016.jpg\",\"width\":2501,\"height\":2501},{\"@type\":\"BreadcrumbList\",\"@id\":\"https:\/\/kiladesignpe.com\/producto\/velador-arantxa\/#breadcrumb\",\"itemListElement\":[{\"@type\":\"ListItem\",\"position\":1,\"name\":\"Portada\",\"item\":\"https:\/\/kiladesignpe.com\/\"},{\"@type\":\"ListItem\",\"position\":2,\"name\":\"Tienda\",\"item\":\"https:\/\/kiladesignpe.com\/?page_id=919\"},{\"@type\":\"ListItem\",\"position\":3,\"name\":\"Velador Arantxa\"}]},{\"@type\":\"WebSite\",\"@id\":\"https:\/\/kiladesignpe.com\/#website\",\"url\":\"https:\/\/kiladesignpe.com\/\",\"name\":\"Kila Design Per\u00fa\",\"description\":\"Kila\",\"publisher\":{\"@id\":\"https:\/\/kiladesignpe.com\/#organization\"},\"alternateName\":\"Kila Design\",\"potentialAction\":[{\"@type\":\"SearchAction\",\"target\":{\"@type\":\"EntryPoint\",\"urlTemplate\":\"https:\/\/kiladesignpe.com\/?s={search_term_string}\"},\"query-input\":{\"@type\":\"PropertyValueSpecification\",\"valueRequired\":true,\"valueName\":\"search_term_string\"}}],\"inLanguage\":\"es\"},{\"@type\":\"Organization\",\"@id\":\"https:\/\/kiladesignpe.com\/#organization\",\"name\":\"Kila Design Per\u00fa\",\"url\":\"https:\/\/kiladesignpe.com\/\",\"logo\":{\"@type\":\"ImageObject\",\"inLanguage\":\"es\",\"@id\":\"https:\/\/kiladesignpe.com\/#\/schema\/logo\/image\/\",\"url\":\"https:\/\/kiladesignpe.com\/wp-content\/uploads\/2021\/10\/Logo_Kila_retina.png\",\"contentUrl\":\"https:\/\/kiladesignpe.com\/wp-content\/uploads\/2021\/10\/Logo_Kila_retina.png\",\"width\":282,\"height\":56,\"caption\":\"Kila Design Per\u00fa\"},\"image\":{\"@id\":\"https:\/\/kiladesignpe.com\/#\/schema\/logo\/image\/\"},\"sameAs\":[\"https:\/\/www.facebook.com\/kiladesignpe\/\",\"https:\/\/www.instagram.com\/kila_design_pe\/\"]}]}<\/script>\n<!-- \/ Yoast SEO plugin. -->","yoast_head_json":{"title":"Velador Arantxa - Kila Design Per\u00fa","robots":{"index":"index","follow":"follow","max-snippet":"max-snippet:-1","max-image-preview":"max-image-preview:large","max-video-preview":"max-video-preview:-1"},"canonical":"https:\/\/kiladesignpe.com\/producto\/velador-arantxa\/","og_locale":"es_ES","og_type":"article","og_title":"Velador Arantxa - Kila Design Per\u00fa","og_description":"Velador de madera y m\u00e1rmol blanco.  Medidas:45*36 cms, alto 65 cms.  Color nogal .  Tiempo de entrega:10-12 d\u00edas h\u00e1biles","og_url":"https:\/\/kiladesignpe.com\/producto\/velador-arantxa\/","og_site_name":"Kila Design Per\u00fa","article_publisher":"https:\/\/www.facebook.com\/kiladesignpe\/","article_modified_time":"2022-07-25T20:03:08+00:00","og_image":[{"width":2501,"height":2501,"url":"https:\/\/kiladesignpe.com\/wp-content\/uploads\/2022\/01\/KILA-PAGINA-WEB._page-0016.jpg","type":"image\/jpeg"}],"twitter_card":"summary_large_image","schema":{"@context":"https:\/\/schema.org","@graph":[{"@type":"WebPage","@id":"https:\/\/kiladesignpe.com\/producto\/velador-arantxa\/","url":"https:\/\/kiladesignpe.com\/producto\/velador-arantxa\/","name":"Velador Arantxa - Kila Design Per\u00fa","isPartOf":{"@id":"https:\/\/kiladesignpe.com\/#website"},"primaryImageOfPage":{"@id":"https:\/\/kiladesignpe.com\/producto\/velador-arantxa\/#primaryimage"},"image":{"@id":"https:\/\/kiladesignpe.com\/producto\/velador-arantxa\/#primaryimage"},"thumbnailUrl":"https:\/\/kiladesignpe.com\/wp-content\/uploads\/2022\/01\/KILA-PAGINA-WEB._page-0016.jpg","datePublished":"2022-01-07T19:15:34+00:00","dateModified":"2022-07-25T20:03:08+00:00","breadcrumb":{"@id":"https:\/\/kiladesignpe.com\/producto\/velador-arantxa\/#breadcrumb"},"inLanguage":"es","potentialAction":[{"@type":"ReadAction","target":["https:\/\/kiladesignpe.com\/producto\/velador-arantxa\/"]}]},{"@type":"ImageObject","inLanguage":"es","@id":"https:\/\/kiladesignpe.com\/producto\/velador-arantxa\/#primaryimage","url":"https:\/\/kiladesignpe.com\/wp-content\/uploads\/2022\/01\/KILA-PAGINA-WEB._page-0016.jpg","contentUrl":"https:\/\/kiladesignpe.com\/wp-content\/uploads\/2022\/01\/KILA-PAGINA-WEB._page-0016.jpg","width":2501,"height":2501},{"@type":"BreadcrumbList","@id":"https:\/\/kiladesignpe.com\/producto\/velador-arantxa\/#breadcrumb","itemListElement":[{"@type":"ListItem","position":1,"name":"Portada","item":"https:\/\/kiladesignpe.com\/"},{"@type":"ListItem","position":2,"name":"Tienda","item":"https:\/\/kiladesignpe.com\/?page_id=919"},{"@type":"ListItem","position":3,"name":"Velador Arantxa"}]},{"@type":"WebSite","@id":"https:\/\/kiladesignpe.com\/#website","url":"https:\/\/kiladesignpe.com\/","name":"Kila Design Per\u00fa","description":"Kila","publisher":{"@id":"https:\/\/kiladesignpe.com\/#organization"},"alternateName":"Kila Design","potentialAction":[{"@type":"SearchAction","target":{"@type":"EntryPoint","urlTemplate":"https:\/\/kiladesignpe.com\/?s={search_term_string}"},"query-input":{"@type":"PropertyValueSpecification","valueRequired":true,"valueName":"search_term_string"}}],"inLanguage":"es"},{"@type":"Organization","@id":"https:\/\/kiladesignpe.com\/#organization","name":"Kila Design Per\u00fa","url":"https:\/\/kiladesignpe.com\/","logo":{"@type":"ImageObject","inLanguage":"es","@id":"https:\/\/kiladesignpe.com\/#\/schema\/logo\/image\/","url":"https:\/\/kiladesignpe.com\/wp-content\/uploads\/2021\/10\/Logo_Kila_retina.png","contentUrl":"https:\/\/kiladesignpe.com\/wp-content\/uploads\/2021\/10\/Logo_Kila_retina.png","width":282,"height":56,"caption":"Kila Design Per\u00fa"},"image":{"@id":"https:\/\/kiladesignpe.com\/#\/schema\/logo\/image\/"},"sameAs":["https:\/\/www.facebook.com\/kiladesignpe\/","https:\/\/www.instagram.com\/kila_design_pe\/"]}]}},"_links":{"self":[{"href":"https:\/\/kiladesignpe.com\/index.php?rest_route=\/wp\/v2\/product\/3362","targetHints":{"allow":["GET"]}}],"collection":[{"href":"https:\/\/kiladesignpe.com\/index.php?rest_route=\/wp\/v2\/product"}],"about":[{"href":"https:\/\/kiladesignpe.com\/index.php?rest_route=\/wp\/v2\/types\/product"}],"replies":[{"embeddable":true,"href":"https:\/\/kiladesignpe.com\/index.php?rest_route=%2Fwp%2Fv2%2Fcomments&post=3362"}],"wp:featuredmedia":[{"embeddable":true,"href":"https:\/\/kiladesignpe.com\/index.php?rest_route=\/wp\/v2\/media\/3366"}],"wp:attachment":[{"href":"https:\/\/kiladesignpe.com\/index.php?rest_route=%2Fwp%2Fv2%2Fmedia&parent=3362"}],"wp:term":[{"taxonomy":"product_brand","embeddable":true,"href":"https:\/\/kiladesignpe.com\/index.php?rest_route=%2Fwp%2Fv2%2Fproduct_brand&post=3362"},{"taxonomy":"product_cat","embeddable":true,"href":"https:\/\/kiladesignpe.com\/index.php?rest_route=%2Fwp%2Fv2%2Fproduct_cat&post=3362"},{"taxonomy":"product_tag","embeddable":true,"href":"https:\/\/kiladesignpe.com\/index.php?rest_route=%2Fwp%2Fv2%2Fproduct_tag&post=3362"}],"curies":[{"name":"wp","href":"https:\/\/api.w.org\/{rel}","templated":true}]}}