{"id":3405,"date":"2022-01-07T14:33:48","date_gmt":"2022-01-07T19:33:48","guid":{"rendered":"https:\/\/kiladesignpe.com\/?post_type=product&#038;p=3405"},"modified":"2022-01-19T15:40:48","modified_gmt":"2022-01-19T20:40:48","slug":"jardinera-alessia","status":"publish","type":"product","link":"https:\/\/kiladesignpe.com\/?product=jardinera-alessia","title":{"rendered":"Jardinera Alessia"},"content":{"rendered":"<p>Lindas jardineras hechas a base de madera pino americano recuperadas. Como nuevas ! Dise\u00f1o sostenible !<\/p>\n","protected":false},"excerpt":{"rendered":"<p>Jardinera de madera. Medidas: 1.00*0.80 mts, fondo : 0.12 mts. No incluye las macetas. No incluye instalaci\u00f3n<\/p>\n<p>Tiempo de entrega:10-12 d\u00edas h\u00e1biles<\/p>\n<p>&nbsp;<\/p>\n<p>*Si deseas instalaci\u00f3n:\u00a0 Cont\u00e1ctate directamente con nosotros !<\/p>\n","protected":false},"featured_media":3458,"comment_status":"open","ping_status":"closed","template":"","meta":[],"product_brand":[],"product_cat":[21],"product_tag":[],"class_list":{"0":"post-3405","1":"product","2":"type-product","3":"status-publish","4":"has-post-thumbnail","6":"product_cat-terraza","8":"first","9":"instock","10":"shipping-taxable","11":"product-type-simple"},"yoast_head":"<!-- This site is optimized with the Yoast SEO plugin v27.0 - https:\/\/yoast.com\/product\/yoast-seo-wordpress\/ -->\n<title>Jardinera Alessia - Kila Design Per\u00fa<\/title>\n<meta name=\"robots\" content=\"index, follow, max-snippet:-1, max-image-preview:large, max-video-preview:-1\" \/>\n<link rel=\"canonical\" href=\"https:\/\/kiladesignpe.com\/producto\/jardinera-alessia\/\" \/>\n<meta property=\"og:locale\" content=\"es_ES\" \/>\n<meta property=\"og:type\" content=\"article\" \/>\n<meta property=\"og:title\" content=\"Jardinera Alessia - Kila Design Per\u00fa\" \/>\n<meta property=\"og:description\" content=\"Jardinera de madera. Medidas: 1.00*0.80 mts, fondo : 0.12 mts. No incluye las macetas. No incluye instalaci\u00f3n  Tiempo de entrega:10-12 d\u00edas h\u00e1biles  &nbsp;  *Si deseas instalaci\u00f3n:\u00a0 Cont\u00e1ctate directamente con nosotros !\" \/>\n<meta property=\"og:url\" content=\"https:\/\/kiladesignpe.com\/producto\/jardinera-alessia\/\" \/>\n<meta property=\"og:site_name\" content=\"Kila Design Per\u00fa\" \/>\n<meta property=\"article:publisher\" content=\"https:\/\/www.facebook.com\/kiladesignpe\/\" \/>\n<meta property=\"article:modified_time\" content=\"2022-01-19T20:40:48+00:00\" \/>\n<meta property=\"og:image\" content=\"https:\/\/kiladesignpe.com\/wp-content\/uploads\/2022\/01\/ALESSIA.png\" \/>\n\t<meta property=\"og:image:width\" content=\"1181\" \/>\n\t<meta property=\"og:image:height\" content=\"1181\" \/>\n\t<meta property=\"og:image:type\" content=\"image\/png\" \/>\n<meta name=\"twitter:card\" content=\"summary_large_image\" \/>\n<script type=\"application\/ld+json\" class=\"yoast-schema-graph\">{\"@context\":\"https:\/\/schema.org\",\"@graph\":[{\"@type\":\"WebPage\",\"@id\":\"https:\/\/kiladesignpe.com\/producto\/jardinera-alessia\/\",\"url\":\"https:\/\/kiladesignpe.com\/producto\/jardinera-alessia\/\",\"name\":\"Jardinera Alessia - Kila Design Per\u00fa\",\"isPartOf\":{\"@id\":\"https:\/\/kiladesignpe.com\/#website\"},\"primaryImageOfPage\":{\"@id\":\"https:\/\/kiladesignpe.com\/producto\/jardinera-alessia\/#primaryimage\"},\"image\":{\"@id\":\"https:\/\/kiladesignpe.com\/producto\/jardinera-alessia\/#primaryimage\"},\"thumbnailUrl\":\"https:\/\/kiladesignpe.com\/wp-content\/uploads\/2022\/01\/ALESSIA.png\",\"datePublished\":\"2022-01-07T19:33:48+00:00\",\"dateModified\":\"2022-01-19T20:40:48+00:00\",\"breadcrumb\":{\"@id\":\"https:\/\/kiladesignpe.com\/producto\/jardinera-alessia\/#breadcrumb\"},\"inLanguage\":\"es\",\"potentialAction\":[{\"@type\":\"ReadAction\",\"target\":[\"https:\/\/kiladesignpe.com\/producto\/jardinera-alessia\/\"]}]},{\"@type\":\"ImageObject\",\"inLanguage\":\"es\",\"@id\":\"https:\/\/kiladesignpe.com\/producto\/jardinera-alessia\/#primaryimage\",\"url\":\"https:\/\/kiladesignpe.com\/wp-content\/uploads\/2022\/01\/ALESSIA.png\",\"contentUrl\":\"https:\/\/kiladesignpe.com\/wp-content\/uploads\/2022\/01\/ALESSIA.png\",\"width\":1181,\"height\":1181},{\"@type\":\"BreadcrumbList\",\"@id\":\"https:\/\/kiladesignpe.com\/producto\/jardinera-alessia\/#breadcrumb\",\"itemListElement\":[{\"@type\":\"ListItem\",\"position\":1,\"name\":\"Portada\",\"item\":\"https:\/\/kiladesignpe.com\/\"},{\"@type\":\"ListItem\",\"position\":2,\"name\":\"Tienda\",\"item\":\"https:\/\/kiladesignpe.com\/?page_id=919\"},{\"@type\":\"ListItem\",\"position\":3,\"name\":\"Jardinera Alessia\"}]},{\"@type\":\"WebSite\",\"@id\":\"https:\/\/kiladesignpe.com\/#website\",\"url\":\"https:\/\/kiladesignpe.com\/\",\"name\":\"Kila Design Per\u00fa\",\"description\":\"Kila\",\"publisher\":{\"@id\":\"https:\/\/kiladesignpe.com\/#organization\"},\"alternateName\":\"Kila Design\",\"potentialAction\":[{\"@type\":\"SearchAction\",\"target\":{\"@type\":\"EntryPoint\",\"urlTemplate\":\"https:\/\/kiladesignpe.com\/?s={search_term_string}\"},\"query-input\":{\"@type\":\"PropertyValueSpecification\",\"valueRequired\":true,\"valueName\":\"search_term_string\"}}],\"inLanguage\":\"es\"},{\"@type\":\"Organization\",\"@id\":\"https:\/\/kiladesignpe.com\/#organization\",\"name\":\"Kila Design Per\u00fa\",\"url\":\"https:\/\/kiladesignpe.com\/\",\"logo\":{\"@type\":\"ImageObject\",\"inLanguage\":\"es\",\"@id\":\"https:\/\/kiladesignpe.com\/#\/schema\/logo\/image\/\",\"url\":\"https:\/\/kiladesignpe.com\/wp-content\/uploads\/2021\/10\/Logo_Kila_retina.png\",\"contentUrl\":\"https:\/\/kiladesignpe.com\/wp-content\/uploads\/2021\/10\/Logo_Kila_retina.png\",\"width\":282,\"height\":56,\"caption\":\"Kila Design Per\u00fa\"},\"image\":{\"@id\":\"https:\/\/kiladesignpe.com\/#\/schema\/logo\/image\/\"},\"sameAs\":[\"https:\/\/www.facebook.com\/kiladesignpe\/\",\"https:\/\/www.instagram.com\/kila_design_pe\/\"]}]}<\/script>\n<!-- \/ Yoast SEO plugin. -->","yoast_head_json":{"title":"Jardinera Alessia - Kila Design Per\u00fa","robots":{"index":"index","follow":"follow","max-snippet":"max-snippet:-1","max-image-preview":"max-image-preview:large","max-video-preview":"max-video-preview:-1"},"canonical":"https:\/\/kiladesignpe.com\/producto\/jardinera-alessia\/","og_locale":"es_ES","og_type":"article","og_title":"Jardinera Alessia - Kila Design Per\u00fa","og_description":"Jardinera de madera. Medidas: 1.00*0.80 mts, fondo : 0.12 mts. No incluye las macetas. No incluye instalaci\u00f3n  Tiempo de entrega:10-12 d\u00edas h\u00e1biles  &nbsp;  *Si deseas instalaci\u00f3n:\u00a0 Cont\u00e1ctate directamente con nosotros !","og_url":"https:\/\/kiladesignpe.com\/producto\/jardinera-alessia\/","og_site_name":"Kila Design Per\u00fa","article_publisher":"https:\/\/www.facebook.com\/kiladesignpe\/","article_modified_time":"2022-01-19T20:40:48+00:00","og_image":[{"width":1181,"height":1181,"url":"https:\/\/kiladesignpe.com\/wp-content\/uploads\/2022\/01\/ALESSIA.png","type":"image\/png"}],"twitter_card":"summary_large_image","schema":{"@context":"https:\/\/schema.org","@graph":[{"@type":"WebPage","@id":"https:\/\/kiladesignpe.com\/producto\/jardinera-alessia\/","url":"https:\/\/kiladesignpe.com\/producto\/jardinera-alessia\/","name":"Jardinera Alessia - Kila Design Per\u00fa","isPartOf":{"@id":"https:\/\/kiladesignpe.com\/#website"},"primaryImageOfPage":{"@id":"https:\/\/kiladesignpe.com\/producto\/jardinera-alessia\/#primaryimage"},"image":{"@id":"https:\/\/kiladesignpe.com\/producto\/jardinera-alessia\/#primaryimage"},"thumbnailUrl":"https:\/\/kiladesignpe.com\/wp-content\/uploads\/2022\/01\/ALESSIA.png","datePublished":"2022-01-07T19:33:48+00:00","dateModified":"2022-01-19T20:40:48+00:00","breadcrumb":{"@id":"https:\/\/kiladesignpe.com\/producto\/jardinera-alessia\/#breadcrumb"},"inLanguage":"es","potentialAction":[{"@type":"ReadAction","target":["https:\/\/kiladesignpe.com\/producto\/jardinera-alessia\/"]}]},{"@type":"ImageObject","inLanguage":"es","@id":"https:\/\/kiladesignpe.com\/producto\/jardinera-alessia\/#primaryimage","url":"https:\/\/kiladesignpe.com\/wp-content\/uploads\/2022\/01\/ALESSIA.png","contentUrl":"https:\/\/kiladesignpe.com\/wp-content\/uploads\/2022\/01\/ALESSIA.png","width":1181,"height":1181},{"@type":"BreadcrumbList","@id":"https:\/\/kiladesignpe.com\/producto\/jardinera-alessia\/#breadcrumb","itemListElement":[{"@type":"ListItem","position":1,"name":"Portada","item":"https:\/\/kiladesignpe.com\/"},{"@type":"ListItem","position":2,"name":"Tienda","item":"https:\/\/kiladesignpe.com\/?page_id=919"},{"@type":"ListItem","position":3,"name":"Jardinera Alessia"}]},{"@type":"WebSite","@id":"https:\/\/kiladesignpe.com\/#website","url":"https:\/\/kiladesignpe.com\/","name":"Kila Design Per\u00fa","description":"Kila","publisher":{"@id":"https:\/\/kiladesignpe.com\/#organization"},"alternateName":"Kila Design","potentialAction":[{"@type":"SearchAction","target":{"@type":"EntryPoint","urlTemplate":"https:\/\/kiladesignpe.com\/?s={search_term_string}"},"query-input":{"@type":"PropertyValueSpecification","valueRequired":true,"valueName":"search_term_string"}}],"inLanguage":"es"},{"@type":"Organization","@id":"https:\/\/kiladesignpe.com\/#organization","name":"Kila Design Per\u00fa","url":"https:\/\/kiladesignpe.com\/","logo":{"@type":"ImageObject","inLanguage":"es","@id":"https:\/\/kiladesignpe.com\/#\/schema\/logo\/image\/","url":"https:\/\/kiladesignpe.com\/wp-content\/uploads\/2021\/10\/Logo_Kila_retina.png","contentUrl":"https:\/\/kiladesignpe.com\/wp-content\/uploads\/2021\/10\/Logo_Kila_retina.png","width":282,"height":56,"caption":"Kila Design Per\u00fa"},"image":{"@id":"https:\/\/kiladesignpe.com\/#\/schema\/logo\/image\/"},"sameAs":["https:\/\/www.facebook.com\/kiladesignpe\/","https:\/\/www.instagram.com\/kila_design_pe\/"]}]}},"_links":{"self":[{"href":"https:\/\/kiladesignpe.com\/index.php?rest_route=\/wp\/v2\/product\/3405","targetHints":{"allow":["GET"]}}],"collection":[{"href":"https:\/\/kiladesignpe.com\/index.php?rest_route=\/wp\/v2\/product"}],"about":[{"href":"https:\/\/kiladesignpe.com\/index.php?rest_route=\/wp\/v2\/types\/product"}],"replies":[{"embeddable":true,"href":"https:\/\/kiladesignpe.com\/index.php?rest_route=%2Fwp%2Fv2%2Fcomments&post=3405"}],"wp:featuredmedia":[{"embeddable":true,"href":"https:\/\/kiladesignpe.com\/index.php?rest_route=\/wp\/v2\/media\/3458"}],"wp:attachment":[{"href":"https:\/\/kiladesignpe.com\/index.php?rest_route=%2Fwp%2Fv2%2Fmedia&parent=3405"}],"wp:term":[{"taxonomy":"product_brand","embeddable":true,"href":"https:\/\/kiladesignpe.com\/index.php?rest_route=%2Fwp%2Fv2%2Fproduct_brand&post=3405"},{"taxonomy":"product_cat","embeddable":true,"href":"https:\/\/kiladesignpe.com\/index.php?rest_route=%2Fwp%2Fv2%2Fproduct_cat&post=3405"},{"taxonomy":"product_tag","embeddable":true,"href":"https:\/\/kiladesignpe.com\/index.php?rest_route=%2Fwp%2Fv2%2Fproduct_tag&post=3405"}],"curies":[{"name":"wp","href":"https:\/\/api.w.org\/{rel}","templated":true}]}}