{"id":3706,"date":"2022-08-02T18:43:41","date_gmt":"2022-08-02T23:43:41","guid":{"rendered":"https:\/\/kiladesignpe.com\/?post_type=product&#038;p=3706"},"modified":"2023-01-17T17:18:08","modified_gmt":"2023-01-17T22:18:08","slug":"silla-blanca-nordica","status":"publish","type":"product","link":"https:\/\/kiladesignpe.com\/?product=silla-blanca-nordica","title":{"rendered":"Silla blanca n\u00f3rdica"},"content":{"rendered":"","protected":false},"excerpt":{"rendered":"<p>Hecha a base de prolipopileno y patas de madera .<br \/>\nEste estilo cl\u00e1sico y contempor\u00e1neo va con todo. Dale un toque moderno a tu hogar !<br \/>\nTiempo de entrega : 3 d\u00edas h\u00e1biles .<\/p>\n<p>Medidas aproximadas:<\/p>\n<p>Alto total: 82 cm<\/p>\n<p>Alto de Asiento:46 cms<\/p>\n<p>Ancho : 46cm<\/p>\n<p>Fondo: 51 cms<\/p>\n<p>&nbsp;<\/p>\n<p>&nbsp;<\/p>\n","protected":false},"featured_media":3705,"comment_status":"open","ping_status":"closed","template":"","meta":[],"product_brand":[],"product_cat":[15],"product_tag":[],"class_list":{"0":"post-3706","1":"product","2":"type-product","3":"status-publish","4":"has-post-thumbnail","6":"product_cat-sin-categorizar","8":"first","9":"instock","10":"shipping-taxable","11":"purchasable","12":"product-type-simple"},"yoast_head":"<!-- This site is optimized with the Yoast SEO plugin v27.0 - https:\/\/yoast.com\/product\/yoast-seo-wordpress\/ -->\n<title>Silla blanca n\u00f3rdica - Kila Design Per\u00fa<\/title>\n<meta name=\"robots\" content=\"index, follow, max-snippet:-1, max-image-preview:large, max-video-preview:-1\" \/>\n<link rel=\"canonical\" href=\"https:\/\/kiladesignpe.com\/producto\/silla-blanca-nordica\/\" \/>\n<meta property=\"og:locale\" content=\"es_ES\" \/>\n<meta property=\"og:type\" content=\"article\" \/>\n<meta property=\"og:title\" content=\"Silla blanca n\u00f3rdica - Kila Design Per\u00fa\" \/>\n<meta property=\"og:description\" content=\"Hecha a base de prolipopileno y patas de madera . Este estilo cl\u00e1sico y contempor\u00e1neo va con todo. Dale un toque moderno a tu hogar ! Tiempo de entrega : 3 d\u00edas h\u00e1biles .  Medidas aproximadas:  Alto total: 82 cm  Alto de Asiento:46 cms  Ancho : 46cm  Fondo: 51 cms  &nbsp;  &nbsp;\" \/>\n<meta property=\"og:url\" content=\"https:\/\/kiladesignpe.com\/producto\/silla-blanca-nordica\/\" \/>\n<meta property=\"og:site_name\" content=\"Kila Design Per\u00fa\" \/>\n<meta property=\"article:publisher\" content=\"https:\/\/www.facebook.com\/kiladesignpe\/\" \/>\n<meta property=\"article:modified_time\" content=\"2023-01-17T22:18:08+00:00\" \/>\n<meta property=\"og:image\" content=\"https:\/\/kiladesignpe.com\/wp-content\/uploads\/2022\/08\/sillas_page-0006.jpg\" \/>\n\t<meta property=\"og:image:width\" content=\"2363\" \/>\n\t<meta property=\"og:image:height\" content=\"2363\" \/>\n\t<meta property=\"og:image:type\" content=\"image\/jpeg\" \/>\n<meta name=\"twitter:card\" content=\"summary_large_image\" \/>\n<script type=\"application\/ld+json\" class=\"yoast-schema-graph\">{\"@context\":\"https:\/\/schema.org\",\"@graph\":[{\"@type\":\"WebPage\",\"@id\":\"https:\/\/kiladesignpe.com\/producto\/silla-blanca-nordica\/\",\"url\":\"https:\/\/kiladesignpe.com\/producto\/silla-blanca-nordica\/\",\"name\":\"Silla blanca n\u00f3rdica - Kila Design Per\u00fa\",\"isPartOf\":{\"@id\":\"https:\/\/kiladesignpe.com\/#website\"},\"primaryImageOfPage\":{\"@id\":\"https:\/\/kiladesignpe.com\/producto\/silla-blanca-nordica\/#primaryimage\"},\"image\":{\"@id\":\"https:\/\/kiladesignpe.com\/producto\/silla-blanca-nordica\/#primaryimage\"},\"thumbnailUrl\":\"https:\/\/kiladesignpe.com\/wp-content\/uploads\/2022\/08\/sillas_page-0006.jpg\",\"datePublished\":\"2022-08-02T23:43:41+00:00\",\"dateModified\":\"2023-01-17T22:18:08+00:00\",\"breadcrumb\":{\"@id\":\"https:\/\/kiladesignpe.com\/producto\/silla-blanca-nordica\/#breadcrumb\"},\"inLanguage\":\"es\",\"potentialAction\":[{\"@type\":\"ReadAction\",\"target\":[\"https:\/\/kiladesignpe.com\/producto\/silla-blanca-nordica\/\"]}]},{\"@type\":\"ImageObject\",\"inLanguage\":\"es\",\"@id\":\"https:\/\/kiladesignpe.com\/producto\/silla-blanca-nordica\/#primaryimage\",\"url\":\"https:\/\/kiladesignpe.com\/wp-content\/uploads\/2022\/08\/sillas_page-0006.jpg\",\"contentUrl\":\"https:\/\/kiladesignpe.com\/wp-content\/uploads\/2022\/08\/sillas_page-0006.jpg\",\"width\":2363,\"height\":2363},{\"@type\":\"BreadcrumbList\",\"@id\":\"https:\/\/kiladesignpe.com\/producto\/silla-blanca-nordica\/#breadcrumb\",\"itemListElement\":[{\"@type\":\"ListItem\",\"position\":1,\"name\":\"Portada\",\"item\":\"https:\/\/kiladesignpe.com\/\"},{\"@type\":\"ListItem\",\"position\":2,\"name\":\"Tienda\",\"item\":\"https:\/\/kiladesignpe.com\/?page_id=919\"},{\"@type\":\"ListItem\",\"position\":3,\"name\":\"Silla blanca n\u00f3rdica\"}]},{\"@type\":\"WebSite\",\"@id\":\"https:\/\/kiladesignpe.com\/#website\",\"url\":\"https:\/\/kiladesignpe.com\/\",\"name\":\"Kila Design Per\u00fa\",\"description\":\"Kila\",\"publisher\":{\"@id\":\"https:\/\/kiladesignpe.com\/#organization\"},\"alternateName\":\"Kila Design\",\"potentialAction\":[{\"@type\":\"SearchAction\",\"target\":{\"@type\":\"EntryPoint\",\"urlTemplate\":\"https:\/\/kiladesignpe.com\/?s={search_term_string}\"},\"query-input\":{\"@type\":\"PropertyValueSpecification\",\"valueRequired\":true,\"valueName\":\"search_term_string\"}}],\"inLanguage\":\"es\"},{\"@type\":\"Organization\",\"@id\":\"https:\/\/kiladesignpe.com\/#organization\",\"name\":\"Kila Design Per\u00fa\",\"url\":\"https:\/\/kiladesignpe.com\/\",\"logo\":{\"@type\":\"ImageObject\",\"inLanguage\":\"es\",\"@id\":\"https:\/\/kiladesignpe.com\/#\/schema\/logo\/image\/\",\"url\":\"https:\/\/kiladesignpe.com\/wp-content\/uploads\/2021\/10\/Logo_Kila_retina.png\",\"contentUrl\":\"https:\/\/kiladesignpe.com\/wp-content\/uploads\/2021\/10\/Logo_Kila_retina.png\",\"width\":282,\"height\":56,\"caption\":\"Kila Design Per\u00fa\"},\"image\":{\"@id\":\"https:\/\/kiladesignpe.com\/#\/schema\/logo\/image\/\"},\"sameAs\":[\"https:\/\/www.facebook.com\/kiladesignpe\/\",\"https:\/\/www.instagram.com\/kila_design_pe\/\"]}]}<\/script>\n<!-- \/ Yoast SEO plugin. -->","yoast_head_json":{"title":"Silla blanca n\u00f3rdica - Kila Design Per\u00fa","robots":{"index":"index","follow":"follow","max-snippet":"max-snippet:-1","max-image-preview":"max-image-preview:large","max-video-preview":"max-video-preview:-1"},"canonical":"https:\/\/kiladesignpe.com\/producto\/silla-blanca-nordica\/","og_locale":"es_ES","og_type":"article","og_title":"Silla blanca n\u00f3rdica - Kila Design Per\u00fa","og_description":"Hecha a base de prolipopileno y patas de madera . Este estilo cl\u00e1sico y contempor\u00e1neo va con todo. Dale un toque moderno a tu hogar ! Tiempo de entrega : 3 d\u00edas h\u00e1biles .  Medidas aproximadas:  Alto total: 82 cm  Alto de Asiento:46 cms  Ancho : 46cm  Fondo: 51 cms  &nbsp;  &nbsp;","og_url":"https:\/\/kiladesignpe.com\/producto\/silla-blanca-nordica\/","og_site_name":"Kila Design Per\u00fa","article_publisher":"https:\/\/www.facebook.com\/kiladesignpe\/","article_modified_time":"2023-01-17T22:18:08+00:00","og_image":[{"width":2363,"height":2363,"url":"https:\/\/kiladesignpe.com\/wp-content\/uploads\/2022\/08\/sillas_page-0006.jpg","type":"image\/jpeg"}],"twitter_card":"summary_large_image","schema":{"@context":"https:\/\/schema.org","@graph":[{"@type":"WebPage","@id":"https:\/\/kiladesignpe.com\/producto\/silla-blanca-nordica\/","url":"https:\/\/kiladesignpe.com\/producto\/silla-blanca-nordica\/","name":"Silla blanca n\u00f3rdica - Kila Design Per\u00fa","isPartOf":{"@id":"https:\/\/kiladesignpe.com\/#website"},"primaryImageOfPage":{"@id":"https:\/\/kiladesignpe.com\/producto\/silla-blanca-nordica\/#primaryimage"},"image":{"@id":"https:\/\/kiladesignpe.com\/producto\/silla-blanca-nordica\/#primaryimage"},"thumbnailUrl":"https:\/\/kiladesignpe.com\/wp-content\/uploads\/2022\/08\/sillas_page-0006.jpg","datePublished":"2022-08-02T23:43:41+00:00","dateModified":"2023-01-17T22:18:08+00:00","breadcrumb":{"@id":"https:\/\/kiladesignpe.com\/producto\/silla-blanca-nordica\/#breadcrumb"},"inLanguage":"es","potentialAction":[{"@type":"ReadAction","target":["https:\/\/kiladesignpe.com\/producto\/silla-blanca-nordica\/"]}]},{"@type":"ImageObject","inLanguage":"es","@id":"https:\/\/kiladesignpe.com\/producto\/silla-blanca-nordica\/#primaryimage","url":"https:\/\/kiladesignpe.com\/wp-content\/uploads\/2022\/08\/sillas_page-0006.jpg","contentUrl":"https:\/\/kiladesignpe.com\/wp-content\/uploads\/2022\/08\/sillas_page-0006.jpg","width":2363,"height":2363},{"@type":"BreadcrumbList","@id":"https:\/\/kiladesignpe.com\/producto\/silla-blanca-nordica\/#breadcrumb","itemListElement":[{"@type":"ListItem","position":1,"name":"Portada","item":"https:\/\/kiladesignpe.com\/"},{"@type":"ListItem","position":2,"name":"Tienda","item":"https:\/\/kiladesignpe.com\/?page_id=919"},{"@type":"ListItem","position":3,"name":"Silla blanca n\u00f3rdica"}]},{"@type":"WebSite","@id":"https:\/\/kiladesignpe.com\/#website","url":"https:\/\/kiladesignpe.com\/","name":"Kila Design Per\u00fa","description":"Kila","publisher":{"@id":"https:\/\/kiladesignpe.com\/#organization"},"alternateName":"Kila Design","potentialAction":[{"@type":"SearchAction","target":{"@type":"EntryPoint","urlTemplate":"https:\/\/kiladesignpe.com\/?s={search_term_string}"},"query-input":{"@type":"PropertyValueSpecification","valueRequired":true,"valueName":"search_term_string"}}],"inLanguage":"es"},{"@type":"Organization","@id":"https:\/\/kiladesignpe.com\/#organization","name":"Kila Design Per\u00fa","url":"https:\/\/kiladesignpe.com\/","logo":{"@type":"ImageObject","inLanguage":"es","@id":"https:\/\/kiladesignpe.com\/#\/schema\/logo\/image\/","url":"https:\/\/kiladesignpe.com\/wp-content\/uploads\/2021\/10\/Logo_Kila_retina.png","contentUrl":"https:\/\/kiladesignpe.com\/wp-content\/uploads\/2021\/10\/Logo_Kila_retina.png","width":282,"height":56,"caption":"Kila Design Per\u00fa"},"image":{"@id":"https:\/\/kiladesignpe.com\/#\/schema\/logo\/image\/"},"sameAs":["https:\/\/www.facebook.com\/kiladesignpe\/","https:\/\/www.instagram.com\/kila_design_pe\/"]}]}},"_links":{"self":[{"href":"https:\/\/kiladesignpe.com\/index.php?rest_route=\/wp\/v2\/product\/3706","targetHints":{"allow":["GET"]}}],"collection":[{"href":"https:\/\/kiladesignpe.com\/index.php?rest_route=\/wp\/v2\/product"}],"about":[{"href":"https:\/\/kiladesignpe.com\/index.php?rest_route=\/wp\/v2\/types\/product"}],"replies":[{"embeddable":true,"href":"https:\/\/kiladesignpe.com\/index.php?rest_route=%2Fwp%2Fv2%2Fcomments&post=3706"}],"wp:featuredmedia":[{"embeddable":true,"href":"https:\/\/kiladesignpe.com\/index.php?rest_route=\/wp\/v2\/media\/3705"}],"wp:attachment":[{"href":"https:\/\/kiladesignpe.com\/index.php?rest_route=%2Fwp%2Fv2%2Fmedia&parent=3706"}],"wp:term":[{"taxonomy":"product_brand","embeddable":true,"href":"https:\/\/kiladesignpe.com\/index.php?rest_route=%2Fwp%2Fv2%2Fproduct_brand&post=3706"},{"taxonomy":"product_cat","embeddable":true,"href":"https:\/\/kiladesignpe.com\/index.php?rest_route=%2Fwp%2Fv2%2Fproduct_cat&post=3706"},{"taxonomy":"product_tag","embeddable":true,"href":"https:\/\/kiladesignpe.com\/index.php?rest_route=%2Fwp%2Fv2%2Fproduct_tag&post=3706"}],"curies":[{"name":"wp","href":"https:\/\/api.w.org\/{rel}","templated":true}]}}